{"id":14320,"date":"2023-01-18T13:21:45","date_gmt":"2023-01-18T12:21:45","guid":{"rendered":"https:\/\/miskiewiczdesign.pl\/projekt-pokoju-dla-dziecka\/"},"modified":"2023-02-27T08:56:57","modified_gmt":"2023-02-27T07:56:57","slug":"baby-room-design","status":"publish","type":"page","link":"https:\/\/miskiewiczdesign.pl\/en\/baby-room-design\/","title":{"rendered":"Baby room design"},"content":{"rendered":"\n<div class=\"wp-block-uagb-container wp360-gap-portfolio uagb-block-754bd399 alignfull uagb-is-root-container\"><div class=\"uagb-container-inner-blocks-wrap\">\n<p class=\"has-text-align-center wp360-txt-separator\" style=\"margin-top:var(--wp--preset--spacing--30);margin-right:var(--wp--preset--spacing--30);margin-bottom:var(--wp--preset--spacing--30);margin-left:var(--wp--preset--spacing--30);font-size:14px;letter-spacing:1px\"><img decoding=\"async\" width=\"33\" height=\"2\" class=\"wp-image-39\" style=\"width: 33px;\" src=\"https:\/\/miskiewiczdesign.pl\/wp-content\/uploads\/2022\/11\/separator.png\" alt=\"\"> POKOJE DLA DZIECI <img decoding=\"async\" width=\"33\" height=\"2\" class=\"wp-image-39\" style=\"width: 33px;\" src=\"https:\/\/miskiewiczdesign.pl\/wp-content\/uploads\/2022\/11\/separator.png\" alt=\"\"><\/p>\n\n\n\n<h2 class=\"has-text-align-center wp-block-heading\" style=\"margin-bottom:var(--wp--preset--spacing--60)\">Projekt pokoju dla dziecka<\/h2>\n<\/div><\/div>\n\n\n\n<div class=\"wp-block-uagb-container uagb-block-6e5de4a0 alignfull uagb-is-root-container\"><div class=\"uagb-container-inner-blocks-wrap\">\n<div class=\"wp-block-uagb-container uagb-block-04d4d998\">\n<p>\u2013&nbsp;<em>Mamo, jak tu \u0142adnie<\/em>&nbsp;\u2013 tylko&nbsp;takie s\u0142owa chc\u0119 s\u0142ysze\u0107 od&nbsp;dziecka, kt\u00f3re otwiera drzwi do&nbsp;swojego nowego pokoju. Pokoju, kt\u00f3ry&nbsp;zawsze urz\u0105dzam z&nbsp;pasj\u0105 i&nbsp;dba\u0142o\u015bci\u0105 o&nbsp;ka\u017cdy detal, upodobania a&nbsp;nawet\u2026 przysz\u0142o\u015b\u0107 jego w\u0142a\u015bciciela.<\/p>\n\n\n\n<p>Bo pok\u00f3j dzieci\u0119cy jest jak pierwsza lekcja stylu, estetyki i&nbsp;pi\u0119kna. Miejsce w&nbsp;kt\u00f3rym&nbsp;budzi si\u0119, bawi, uczy i&nbsp;zasypia nasze dziecko, istotnie wp\u0142ywa na&nbsp;jego osobowo\u015b\u0107 i&nbsp;p\u00f3\u017aniejsze wybory. Jako do\u015bwiadczony architekt wn\u0119trz i&nbsp;mama, wiem, jak niewiele potrzeba, by&nbsp;stworzy\u0107 pozytywn\u0105 przestrze\u0144. W\u0142a\u015bnie dla tego powsta\u0142a marka&nbsp;<strong>MI\u015aKIEWICZ DESIGN FOR KIDS<\/strong>, kt\u00f3r\u0105 dedykuj\u0119 ma\u0142ym i&nbsp;du\u017cym dzieciom oraz&nbsp;ich rodzicom.<\/p>\n\n\n\n<p>Projektowaniem i&nbsp;aran\u017cacj\u0105 wn\u0119trz zajmuj\u0119 si\u0119 od&nbsp;10 lat. Z&nbsp;otwartymi oczami i&nbsp;umys\u0142em, podr\u00f3\u017cuj\u0119 po&nbsp;ca\u0142ym \u015bwiecie i&nbsp;po&nbsp;s\u0105siedzku, poniewa\u017c wierz\u0119, \u017ce&nbsp;inspiracje mo\u017cna znale\u017a\u0107 wsz\u0119dzie. Pomieszczenia, kt\u00f3re urz\u0105dzi\u0142am ciesz\u0105 oczy wielu os\u00f3b, a&nbsp;ja wci\u0105\u017c szukam nowych wyzwa\u0144. Jednym z&nbsp;nich jest w\u0142a\u015bnie marka&nbsp;<strong>MI\u015aKIEWICZ DESIGN FOR KIDS<\/strong>, kt\u00f3ra&nbsp;skupia si\u0119 na&nbsp;pokojach dzieci\u0119cych. Wkr\u00f3tce zaprezentuj\u0119 te\u017c Pa\u0144stwu moje&nbsp;autorskie dodatki do&nbsp;wn\u0119trz i&nbsp;meble.<\/p>\n\n\n\n<p>Magdalena Mi\u015bkiewicz<br><em>mama Julci i&nbsp;Basi<\/em><\/p>\n<\/div>\n\n\n\n<div class=\"wp-block-uagb-container uagb-block-f63fa323\">\n<figure class=\"wp-block-image aligncenter size-large wp360-img-margin  wp360--img-bl\"><img fetchpriority=\"high\" decoding=\"async\" width=\"686\" height=\"1024\" src=\"https:\/\/miskiewiczdesign.pl\/wp-content\/uploads\/2023\/01\/pokoj-dzieciecy-lea-686x1024.jpg\" alt=\"Projekt pokoju dla dziecka\" class=\"wp-image-11494\" srcset=\"https:\/\/miskiewiczdesign.pl\/wp-content\/uploads\/2023\/01\/pokoj-dzieciecy-lea-686x1024.jpg 686w, https:\/\/miskiewiczdesign.pl\/wp-content\/uploads\/2023\/01\/pokoj-dzieciecy-lea-201x300.jpg 201w, https:\/\/miskiewiczdesign.pl\/wp-content\/uploads\/2023\/01\/pokoj-dzieciecy-lea-188x280.jpg 188w, https:\/\/miskiewiczdesign.pl\/wp-content\/uploads\/2023\/01\/pokoj-dzieciecy-lea.jpg 713w\" sizes=\"(max-width: 686px) 100vw, 686px\" \/><\/figure>\n<\/div>\n<\/div><\/div>\n\n\n\n<div class=\"wp-block-uagb-container uagb-block-d7c2ee22 alignfull uagb-is-root-container\"><div class=\"uagb-container-inner-blocks-wrap\">\n<div class=\"wp-block-uagb-container uagb-block-21d1068e\">\n<figure class=\"wp-block-image aligncenter size-full wp360-img-margin  wp360--img-bl\"><img decoding=\"async\" width=\"525\" height=\"800\" src=\"https:\/\/miskiewiczdesign.pl\/wp-content\/uploads\/2023\/01\/pokoj-nadii.jpg\" alt=\"Projekt pokoju dla dziecka\" class=\"wp-image-11498\" srcset=\"https:\/\/miskiewiczdesign.pl\/wp-content\/uploads\/2023\/01\/pokoj-nadii.jpg 525w, https:\/\/miskiewiczdesign.pl\/wp-content\/uploads\/2023\/01\/pokoj-nadii-197x300.jpg 197w, https:\/\/miskiewiczdesign.pl\/wp-content\/uploads\/2023\/01\/pokoj-nadii-184x280.jpg 184w\" sizes=\"(max-width: 525px) 100vw, 525px\" \/><\/figure>\n<\/div>\n\n\n\n<div class=\"wp-block-uagb-container uagb-block-f647e792\">\n<h2 class=\"has-text-align-left wp-block-heading\" style=\"margin-bottom:var(--wp--preset--spacing--60)\">Mi\u015bkiewcz Design <strong>for kids<\/strong><\/h2>\n\n\n\n<p>To&nbsp;co nas otacza, i&nbsp;to, co z&nbsp;tym robimy, to&nbsp;niezwykle istotne aspekty architektury wn\u0119trz, a&nbsp;co za&nbsp;tym idzie, r\u00f3wnie\u017c naszego \u017cycia. Dom, dla mnie, to&nbsp;nie&nbsp;tylko&nbsp;schronienie, w&nbsp;ka\u017cdym tego s\u0142owa znaczeniu. To&nbsp;miejsce odpoczynku i&nbsp;relaksu, miejsce gdzie si\u0119 bawimy i&nbsp;\u017cyjemy. To, w&nbsp;jaki spos\u00f3b nauczymy dzieci \u017cycia w&nbsp;\u0142adnym wn\u0119trzu, wp\u0142ynie na&nbsp;ich poczucie estetyki i&nbsp;pi\u0119kna.<\/p>\n\n\n\n<p>Wygl\u0105d pokoik\u00f3w naszych pociech jest wa\u017cnym elementem w\u00a0drodze to\u00a0budowania ich wra\u017cliwo\u015bci i\u00a0prze\u017cywania wszelkiego pi\u0119kna: przyrody, muzyki, sztuki. Projektowanie ich wn\u0119trz nie\u00a0ogranicza si\u0119 jedynie do\u00a0stereotypowego r\u00f3\u017cowego\u00a0<a href=\"https:\/\/miskiewiczdesign.pl\/en\/baby-room-design\/design-for-girls\/\">pokoju dla dziewczynki<\/a>\u00a0i\u00a0niebieskiego <a href=\"https:\/\/miskiewiczdesign.pl\/en\/baby-room-design\/design-for-a-boy\/\">dla ch\u0142opca<\/a>. \u015awiat jest pe\u0142en przepi\u0119knych barw, korzystajmy z\u00a0nich! Stw\u00f3rzmy im wspania\u0142e miejsce, by\u00a0czu\u0142y si\u0119 w\u00a0tam dobrze i\u00a0powraca\u0142y z\u00a0rado\u015bci\u0105.<br>Zadbajmy wi\u0119c\u00a0o\u00a0wystr\u00f3j, o\u00a0to, gdzie i\u00a0jak dzieci sp\u0119dzaj\u0105 sw\u00f3j czas, gdzie i\u00a0jak \u015bpi\u0105, w\u00a0jakich kolorach, w\u015br\u00f3d jakich mebli, dekoracji czy\u00a0dodatk\u00f3w, a\u00a0wzbogacimy je o\u00a0szczeg\u00f3lnie cenne warto\u015bci \u017cyciowe.<\/p>\n\n\n\n<p>Potrafi\u0119 zaprojektowa\u0107 niepowtarzalne, pi\u0119kne wn\u0119trza dla Waszych dzieci. Pragn\u0119, aby miejsca ich codziennego przebywania by\u0142y estetyczne, wyj\u0105tkowe, \u0142adne. Jestem projektantka wn\u0119trz z&nbsp;wieloletnim do\u015bwiadczeniem i&nbsp;wierz\u0119, \u017ce&nbsp;to&nbsp;co nas otacza jest nami, \u017ce&nbsp;kiedy z&nbsp;rozmys\u0142em aran\u017cujemy przestrze\u0144, czujemy si\u0119 w&nbsp;niej swobodnie, jak w&nbsp;swojej sk\u00f3rze i&nbsp;na&nbsp;swoim miejscu. Zapraszam.<\/p>\n\n\n\n<div class=\"wp-block-buttons is-content-justification-center is-layout-flex wp-container-core-buttons-is-layout-a89b3969 wp-block-buttons-is-layout-flex\">\n<div class=\"wp-block-button\"><a class=\"wp-block-button__link wp-element-button\" href=\"https:\/\/miskiewiczdesignforkids.com\/\" target=\"_blank\" rel=\"noreferrer noopener\">Strona z projektami pokoi dzieci\u0119cych<\/a><\/div>\n<\/div>\n<\/div>\n<\/div><\/div>\n\n\n\n<div class=\"wp-block-uagb-container uagb-block-ed32fddd alignfull uagb-is-root-container\"><div class=\"uagb-container-inner-blocks-wrap\">\n<div class=\"wp-block-uagb-container uagb-block-47d1a688\">\n<figure class=\"wp-block-image size-full\"><a href=\"https:\/\/miskiewiczdesign.pl\/en\/baby-room-design\/design-for-girls\/\"><img loading=\"lazy\" decoding=\"async\" width=\"800\" height=\"552\" src=\"https:\/\/miskiewiczdesign.pl\/wp-content\/uploads\/2023\/01\/pokoj-dziewczynki.jpg\" alt=\"Pok\u00f3j dla dziewczynki\" class=\"wp-image-11510\" srcset=\"https:\/\/miskiewiczdesign.pl\/wp-content\/uploads\/2023\/01\/pokoj-dziewczynki.jpg 800w, https:\/\/miskiewiczdesign.pl\/wp-content\/uploads\/2023\/01\/pokoj-dziewczynki-300x207.jpg 300w, https:\/\/miskiewiczdesign.pl\/wp-content\/uploads\/2023\/01\/pokoj-dziewczynki-768x530.jpg 768w, https:\/\/miskiewiczdesign.pl\/wp-content\/uploads\/2023\/01\/pokoj-dziewczynki-380x262.jpg 380w\" sizes=\"(max-width: 800px) 100vw, 800px\" \/><\/a><\/figure>\n\n\n\n<h3 class=\"has-text-align-center wp-block-heading\">Design for girls<\/h3>\n\n\n\n<div class=\"wp-block-buttons is-content-justification-center is-layout-flex wp-container-core-buttons-is-layout-a89b3969 wp-block-buttons-is-layout-flex\">\n<div class=\"wp-block-button\"><a class=\"wp-block-button__link wp-element-button\" href=\"https:\/\/miskiewiczdesign.pl\/en\/baby-room-design\/design-for-girls\/\">See more<\/a><\/div>\n<\/div>\n<\/div>\n\n\n\n<div class=\"wp-block-uagb-container uagb-block-a05233e4\">\n<figure class=\"wp-block-image size-full\"><a href=\"https:\/\/miskiewiczdesign.pl\/en\/baby-room-design\/design-for-a-boy\/\"><img loading=\"lazy\" decoding=\"async\" width=\"800\" height=\"552\" src=\"https:\/\/miskiewiczdesign.pl\/wp-content\/uploads\/2023\/01\/pokoj-chlopca.jpg\" alt=\"Pok\u00f3j dla ch\u0142opca\" class=\"wp-image-11511\" srcset=\"https:\/\/miskiewiczdesign.pl\/wp-content\/uploads\/2023\/01\/pokoj-chlopca.jpg 800w, https:\/\/miskiewiczdesign.pl\/wp-content\/uploads\/2023\/01\/pokoj-chlopca-300x207.jpg 300w, https:\/\/miskiewiczdesign.pl\/wp-content\/uploads\/2023\/01\/pokoj-chlopca-768x530.jpg 768w, https:\/\/miskiewiczdesign.pl\/wp-content\/uploads\/2023\/01\/pokoj-chlopca-380x262.jpg 380w\" sizes=\"(max-width: 800px) 100vw, 800px\" \/><\/a><\/figure>\n\n\n\n<h3 class=\"has-text-align-center wp-block-heading\">Design for boys<\/h3>\n\n\n\n<div class=\"wp-block-buttons is-content-justification-center is-layout-flex wp-container-core-buttons-is-layout-a89b3969 wp-block-buttons-is-layout-flex\">\n<div class=\"wp-block-button\"><a class=\"wp-block-button__link wp-element-button\" href=\"https:\/\/miskiewiczdesign.pl\/en\/baby-room-design\/design-for-a-boy\/\">See more<\/a><\/div>\n<\/div>\n<\/div>\n<\/div><\/div>\n","protected":false},"excerpt":{"rendered":"<p>POKOJE DLA DZIECI Projekt pokoju dla dziecka \u2013&nbsp;Mamo, jak tu \u0142adnie&nbsp;\u2013 tylko&nbsp;takie s\u0142owa chc\u0119 s\u0142ysze\u0107 od&nbsp;dziecka, kt\u00f3re otwiera drzwi do&nbsp;swojego nowego pokoju. Pokoju, kt\u00f3ry&nbsp;zawsze urz\u0105dzam z&nbsp;pasj\u0105 i&nbsp;dba\u0142o\u015bci\u0105 o&nbsp;ka\u017cdy detal, upodobania a&nbsp;nawet\u2026 przysz\u0142o\u015b\u0107 jego w\u0142a\u015bciciela. Bo pok\u00f3j dzieci\u0119cy jest jak pierwsza lekcja stylu, estetyki i&nbsp;pi\u0119kna. Miejsce w&nbsp;kt\u00f3rym&nbsp;budzi si\u0119, bawi, uczy i&nbsp;zasypia nasze dziecko, istotnie wp\u0142ywa na&nbsp;jego [&hellip;]<\/p>\n","protected":false},"author":2,"featured_media":0,"parent":0,"menu_order":0,"comment_status":"closed","ping_status":"closed","template":"","meta":{"_uag_custom_page_level_css":"","site-sidebar-layout":"default","site-content-layout":"","ast-site-content-layout":"","site-content-style":"default","site-sidebar-style":"default","ast-global-header-display":"","ast-banner-title-visibility":"","ast-main-header-display":"","ast-hfb-above-header-display":"","ast-hfb-below-header-display":"","ast-hfb-mobile-header-display":"","site-post-title":"disabled","ast-breadcrumbs-content":"","ast-featured-img":"","footer-sml-layout":"","theme-transparent-header-meta":"","adv-header-id-meta":"","stick-header-meta":"","header-above-stick-meta":"","header-main-stick-meta":"","header-below-stick-meta":"","astra-migrate-meta-layouts":"default","ast-page-background-enabled":"default","ast-page-background-meta":{"desktop":{"background-color":"var(--ast-global-color-4)","background-image":"","background-repeat":"repeat","background-position":"center center","background-size":"auto","background-attachment":"scroll","background-type":"","background-media":"","overlay-type":"","overlay-color":"","overlay-gradient":""},"tablet":{"background-color":"","background-image":"","background-repeat":"repeat","background-position":"center center","background-size":"auto","background-attachment":"scroll","background-type":"","background-media":"","overlay-type":"","overlay-color":"","overlay-gradient":""},"mobile":{"background-color":"","background-image":"","background-repeat":"repeat","background-position":"center center","background-size":"auto","background-attachment":"scroll","background-type":"","background-media":"","overlay-type":"","overlay-color":"","overlay-gradient":""}},"ast-content-background-meta":{"desktop":{"background-color":"var(--ast-global-color-5)","background-image":"","background-repeat":"repeat","background-position":"center center","background-size":"auto","background-attachment":"scroll","background-type":"","background-media":"","overlay-type":"","overlay-color":"","overlay-gradient":""},"tablet":{"background-color":"var(--ast-global-color-5)","background-image":"","background-repeat":"repeat","background-position":"center center","background-size":"auto","background-attachment":"scroll","background-type":"","background-media":"","overlay-type":"","overlay-color":"","overlay-gradient":""},"mobile":{"background-color":"var(--ast-global-color-5)","background-image":"","background-repeat":"repeat","background-position":"center center","background-size":"auto","background-attachment":"scroll","background-type":"","background-media":"","overlay-type":"","overlay-color":"","overlay-gradient":""}},"footnotes":""},"class_list":["post-14320","page","type-page","status-publish","hentry"],"yoast_head":"<!-- This site is optimized with the Yoast SEO plugin v22.1 - https:\/\/yoast.com\/wordpress\/plugins\/seo\/ -->\n<title>Baby room design - miskiewiczdesign.pl<\/title>\n<meta name=\"robots\" content=\"index, follow, max-snippet:-1, max-image-preview:large, max-video-preview:-1\" \/>\n<link rel=\"canonical\" href=\"https:\/\/miskiewiczdesign.pl\/en\/baby-room-design\/\" \/>\n<meta property=\"og:locale\" content=\"en_US\" \/>\n<meta property=\"og:type\" content=\"article\" \/>\n<meta property=\"og:title\" content=\"Baby room design - miskiewiczdesign.pl\" \/>\n<meta property=\"og:description\" content=\"POKOJE DLA DZIECI Projekt pokoju dla dziecka \u2013&nbsp;Mamo, jak tu \u0142adnie&nbsp;\u2013 tylko&nbsp;takie s\u0142owa chc\u0119 s\u0142ysze\u0107 od&nbsp;dziecka, kt\u00f3re otwiera drzwi do&nbsp;swojego nowego pokoju. Pokoju, kt\u00f3ry&nbsp;zawsze urz\u0105dzam z&nbsp;pasj\u0105 i&nbsp;dba\u0142o\u015bci\u0105 o&nbsp;ka\u017cdy detal, upodobania a&nbsp;nawet\u2026 przysz\u0142o\u015b\u0107 jego w\u0142a\u015bciciela. Bo pok\u00f3j dzieci\u0119cy jest jak pierwsza lekcja stylu, estetyki i&nbsp;pi\u0119kna. Miejsce w&nbsp;kt\u00f3rym&nbsp;budzi si\u0119, bawi, uczy i&nbsp;zasypia nasze dziecko, istotnie wp\u0142ywa na&nbsp;jego [&hellip;]\" \/>\n<meta property=\"og:url\" content=\"https:\/\/miskiewiczdesign.pl\/en\/baby-room-design\/\" \/>\n<meta property=\"og:site_name\" content=\"miskiewiczdesign.pl\" \/>\n<meta property=\"article:modified_time\" content=\"2023-02-27T07:56:57+00:00\" \/>\n<meta property=\"og:image\" content=\"https:\/\/miskiewiczdesign.pl\/wp-content\/uploads\/2022\/11\/separator.png\" \/>\n<meta name=\"twitter:card\" content=\"summary_large_image\" \/>\n<meta name=\"twitter:label1\" content=\"Est. reading time\" \/>\n\t<meta name=\"twitter:data1\" content=\"4 minutes\" \/>\n<script type=\"application\/ld+json\" class=\"yoast-schema-graph\">{\"@context\":\"https:\/\/schema.org\",\"@graph\":[{\"@type\":\"WebPage\",\"@id\":\"https:\/\/miskiewiczdesign.pl\/en\/baby-room-design\/\",\"url\":\"https:\/\/miskiewiczdesign.pl\/en\/baby-room-design\/\",\"name\":\"Baby room design - miskiewiczdesign.pl\",\"isPartOf\":{\"@id\":\"https:\/\/miskiewiczdesign.pl\/en\/#website\"},\"datePublished\":\"2023-01-18T12:21:45+00:00\",\"dateModified\":\"2023-02-27T07:56:57+00:00\",\"breadcrumb\":{\"@id\":\"https:\/\/miskiewiczdesign.pl\/en\/baby-room-design\/#breadcrumb\"},\"inLanguage\":\"en-US\",\"potentialAction\":[{\"@type\":\"ReadAction\",\"target\":[\"https:\/\/miskiewiczdesign.pl\/en\/baby-room-design\/\"]}]},{\"@type\":\"BreadcrumbList\",\"@id\":\"https:\/\/miskiewiczdesign.pl\/en\/baby-room-design\/#breadcrumb\",\"itemListElement\":[{\"@type\":\"ListItem\",\"position\":1,\"name\":\"Strona g\u0142\u00f3wna\",\"item\":\"https:\/\/miskiewiczdesign.pl\/en\/\"},{\"@type\":\"ListItem\",\"position\":2,\"name\":\"Baby room design\"}]},{\"@type\":\"WebSite\",\"@id\":\"https:\/\/miskiewiczdesign.pl\/en\/#website\",\"url\":\"https:\/\/miskiewiczdesign.pl\/en\/\",\"name\":\"miskiewiczdesign.pl\",\"description\":\"\",\"publisher\":{\"@id\":\"https:\/\/miskiewiczdesign.pl\/en\/#organization\"},\"potentialAction\":[{\"@type\":\"SearchAction\",\"target\":{\"@type\":\"EntryPoint\",\"urlTemplate\":\"https:\/\/miskiewiczdesign.pl\/en\/?s={search_term_string}\"},\"query-input\":\"required name=search_term_string\"}],\"inLanguage\":\"en-US\"},{\"@type\":\"Organization\",\"@id\":\"https:\/\/miskiewiczdesign.pl\/en\/#organization\",\"name\":\"miskiewiczdesign.pl\",\"url\":\"https:\/\/miskiewiczdesign.pl\/en\/\",\"logo\":{\"@type\":\"ImageObject\",\"inLanguage\":\"en-US\",\"@id\":\"https:\/\/miskiewiczdesign.pl\/en\/#\/schema\/logo\/image\/\",\"url\":\"https:\/\/miskiewiczdesign.pl\/wp-content\/uploads\/2022\/12\/logo_nowe_bold.png\",\"contentUrl\":\"https:\/\/miskiewiczdesign.pl\/wp-content\/uploads\/2022\/12\/logo_nowe_bold.png\",\"width\":360,\"height\":149,\"caption\":\"miskiewiczdesign.pl\"},\"image\":{\"@id\":\"https:\/\/miskiewiczdesign.pl\/en\/#\/schema\/logo\/image\/\"}}]}<\/script>\n<!-- \/ Yoast SEO plugin. -->","yoast_head_json":{"title":"Baby room design - miskiewiczdesign.pl","robots":{"index":"index","follow":"follow","max-snippet":"max-snippet:-1","max-image-preview":"max-image-preview:large","max-video-preview":"max-video-preview:-1"},"canonical":"https:\/\/miskiewiczdesign.pl\/en\/baby-room-design\/","og_locale":"en_US","og_type":"article","og_title":"Baby room design - miskiewiczdesign.pl","og_description":"POKOJE DLA DZIECI Projekt pokoju dla dziecka \u2013&nbsp;Mamo, jak tu \u0142adnie&nbsp;\u2013 tylko&nbsp;takie s\u0142owa chc\u0119 s\u0142ysze\u0107 od&nbsp;dziecka, kt\u00f3re otwiera drzwi do&nbsp;swojego nowego pokoju. Pokoju, kt\u00f3ry&nbsp;zawsze urz\u0105dzam z&nbsp;pasj\u0105 i&nbsp;dba\u0142o\u015bci\u0105 o&nbsp;ka\u017cdy detal, upodobania a&nbsp;nawet\u2026 przysz\u0142o\u015b\u0107 jego w\u0142a\u015bciciela. Bo pok\u00f3j dzieci\u0119cy jest jak pierwsza lekcja stylu, estetyki i&nbsp;pi\u0119kna. Miejsce w&nbsp;kt\u00f3rym&nbsp;budzi si\u0119, bawi, uczy i&nbsp;zasypia nasze dziecko, istotnie wp\u0142ywa na&nbsp;jego [&hellip;]","og_url":"https:\/\/miskiewiczdesign.pl\/en\/baby-room-design\/","og_site_name":"miskiewiczdesign.pl","article_modified_time":"2023-02-27T07:56:57+00:00","og_image":[{"url":"https:\/\/miskiewiczdesign.pl\/wp-content\/uploads\/2022\/11\/separator.png"}],"twitter_card":"summary_large_image","twitter_misc":{"Est. reading time":"4 minutes"},"schema":{"@context":"https:\/\/schema.org","@graph":[{"@type":"WebPage","@id":"https:\/\/miskiewiczdesign.pl\/en\/baby-room-design\/","url":"https:\/\/miskiewiczdesign.pl\/en\/baby-room-design\/","name":"Baby room design - miskiewiczdesign.pl","isPartOf":{"@id":"https:\/\/miskiewiczdesign.pl\/en\/#website"},"datePublished":"2023-01-18T12:21:45+00:00","dateModified":"2023-02-27T07:56:57+00:00","breadcrumb":{"@id":"https:\/\/miskiewiczdesign.pl\/en\/baby-room-design\/#breadcrumb"},"inLanguage":"en-US","potentialAction":[{"@type":"ReadAction","target":["https:\/\/miskiewiczdesign.pl\/en\/baby-room-design\/"]}]},{"@type":"BreadcrumbList","@id":"https:\/\/miskiewiczdesign.pl\/en\/baby-room-design\/#breadcrumb","itemListElement":[{"@type":"ListItem","position":1,"name":"Strona g\u0142\u00f3wna","item":"https:\/\/miskiewiczdesign.pl\/en\/"},{"@type":"ListItem","position":2,"name":"Baby room design"}]},{"@type":"WebSite","@id":"https:\/\/miskiewiczdesign.pl\/en\/#website","url":"https:\/\/miskiewiczdesign.pl\/en\/","name":"miskiewiczdesign.pl","description":"","publisher":{"@id":"https:\/\/miskiewiczdesign.pl\/en\/#organization"},"potentialAction":[{"@type":"SearchAction","target":{"@type":"EntryPoint","urlTemplate":"https:\/\/miskiewiczdesign.pl\/en\/?s={search_term_string}"},"query-input":"required name=search_term_string"}],"inLanguage":"en-US"},{"@type":"Organization","@id":"https:\/\/miskiewiczdesign.pl\/en\/#organization","name":"miskiewiczdesign.pl","url":"https:\/\/miskiewiczdesign.pl\/en\/","logo":{"@type":"ImageObject","inLanguage":"en-US","@id":"https:\/\/miskiewiczdesign.pl\/en\/#\/schema\/logo\/image\/","url":"https:\/\/miskiewiczdesign.pl\/wp-content\/uploads\/2022\/12\/logo_nowe_bold.png","contentUrl":"https:\/\/miskiewiczdesign.pl\/wp-content\/uploads\/2022\/12\/logo_nowe_bold.png","width":360,"height":149,"caption":"miskiewiczdesign.pl"},"image":{"@id":"https:\/\/miskiewiczdesign.pl\/en\/#\/schema\/logo\/image\/"}}]}},"uagb_featured_image_src":{"full":false,"thumbnail":false,"medium":false,"medium_large":false,"large":false,"1536x1536":false,"2048x2048":false,"gallery-thumb":false},"uagb_author_info":{"display_name":"Magdalena","author_link":"https:\/\/miskiewiczdesign.pl\/en\/author\/magdalena\/"},"uagb_comment_info":0,"uagb_excerpt":"POKOJE DLA DZIECI Projekt pokoju dla dziecka \u2013&nbsp;Mamo, jak tu \u0142adnie&nbsp;\u2013 tylko&nbsp;takie s\u0142owa chc\u0119 s\u0142ysze\u0107 od&nbsp;dziecka, kt\u00f3re otwiera drzwi do&nbsp;swojego nowego pokoju. Pokoju, kt\u00f3ry&nbsp;zawsze urz\u0105dzam z&nbsp;pasj\u0105 i&nbsp;dba\u0142o\u015bci\u0105 o&nbsp;ka\u017cdy detal, upodobania a&nbsp;nawet\u2026 przysz\u0142o\u015b\u0107 jego w\u0142a\u015bciciela. Bo pok\u00f3j dzieci\u0119cy jest jak pierwsza lekcja stylu, estetyki i&nbsp;pi\u0119kna. Miejsce w&nbsp;kt\u00f3rym&nbsp;budzi si\u0119, bawi, uczy i&nbsp;zasypia nasze dziecko, istotnie wp\u0142ywa na&nbsp;jego&hellip;","_links":{"self":[{"href":"https:\/\/miskiewiczdesign.pl\/en\/wp-json\/wp\/v2\/pages\/14320","targetHints":{"allow":["GET"]}}],"collection":[{"href":"https:\/\/miskiewiczdesign.pl\/en\/wp-json\/wp\/v2\/pages"}],"about":[{"href":"https:\/\/miskiewiczdesign.pl\/en\/wp-json\/wp\/v2\/types\/page"}],"author":[{"embeddable":true,"href":"https:\/\/miskiewiczdesign.pl\/en\/wp-json\/wp\/v2\/users\/2"}],"replies":[{"embeddable":true,"href":"https:\/\/miskiewiczdesign.pl\/en\/wp-json\/wp\/v2\/comments?post=14320"}],"version-history":[{"count":3,"href":"https:\/\/miskiewiczdesign.pl\/en\/wp-json\/wp\/v2\/pages\/14320\/revisions"}],"predecessor-version":[{"id":14874,"href":"https:\/\/miskiewiczdesign.pl\/en\/wp-json\/wp\/v2\/pages\/14320\/revisions\/14874"}],"wp:attachment":[{"href":"https:\/\/miskiewiczdesign.pl\/en\/wp-json\/wp\/v2\/media?parent=14320"}],"curies":[{"name":"wp","href":"https:\/\/api.w.org\/{rel}","templated":true}]}}